{"id":256,"date":"2015-07-27T04:50:39","date_gmt":"2015-07-27T04:50:39","guid":{"rendered":"http:\/\/demo.vegatheme.com\/archilight\/?page_id=256"},"modified":"2024-07-03T17:33:02","modified_gmt":"2024-07-03T14:33:02","slug":"iletisim","status":"publish","type":"page","link":"https:\/\/2bmimarlik.com.tr\/en\/iletisim\/","title":{"rendered":"Contact"},"content":{"rendered":"<section class=\"wpb_row vc_row-fluid vc_custom_1576836789357\"><div class=\"container\"><div class=\"row\"><div class=\"wpb_column vc_column_container vc_col-sm-12\"><div class=\"vc_column-inner\"><div class=\"wpb_wrapper\"  ><div class=\"vc_empty_space\"   style=\"height: 50px\"><span class=\"vc_empty_space_inner\"><\/span><\/div>\n\t<!-- Element: OT Heading --> \t \n\t<h1 class=\"ot_custom_heading\" style=\"text-align: center;\" >Contact<\/h1>\t\n\t<!-- Element: OT Line solid --> \t \n\t<div class=\"separator\"><span><i class=\"fa fa-circle\"><\/i><\/span><\/div>\n\t<div class=\"spacer-single\"><\/div>\t      \n<\/div><\/div><\/div><div class=\"wpb_column vc_column_container vc_col-sm-6\"><div class=\"vc_column-inner\"><div class=\"wpb_wrapper\"  >\n\t<!-- Element: OT Heading --> \t \n\t<h3 class=\"ot_custom_heading\" style=\"\" >Contact us<\/h3>\t\n<div class=\"vc_empty_space\"   style=\"height: 32px\"><span class=\"vc_empty_space_inner\"><\/span><\/div>\t\t\n\t<!-- OT Info Apps 2 -->\n    <div class=\"box-icon\">\n\t     \n\t    \t<span class=\"icon\" >\n\t        \t<i class=\"id-color fa fa-map-marker\" ><\/i>\n\t        <\/span>\n\t       \n        <div class=\"text\">\n            <h3>Adres<\/h3>\n            <p>Fenerbah\u00e7e Mah. Ba\u011fdat Caddesi No:102\/4 , 34726 Kad\u0131k\u00f6y \/ \u0130stanbul<\/p>\n                    <\/div>        \n    <\/div>    \n\n<div class=\"vc_separator wpb_content_element vc_separator_align_center vc_sep_width_100 vc_sep_pos_align_center vc_separator_no_text vc_sep_color_grey\" ><span class=\"vc_sep_holder vc_sep_holder_l\"><span  class=\"vc_sep_line\"><\/span><\/span><span class=\"vc_sep_holder vc_sep_holder_r\"><span  class=\"vc_sep_line\"><\/span><\/span>\n<\/div>\t\t\n\t<!-- OT Info Apps 2 -->\n    <div class=\"box-icon\">\n\t     \n\t    \t<span class=\"icon\" >\n\t        \t<i class=\"id-color fa fa-phone\" ><\/i>\n\t        <\/span>\n\t       \n        <div class=\"text\">\n            <h3>Telephone<\/h3>\n            <p>+90 (212) 232 26 12<\/p>\n                    <\/div>        \n    <\/div>    \n\n<div class=\"vc_separator wpb_content_element vc_separator_align_center vc_sep_width_100 vc_sep_pos_align_center vc_separator_no_text vc_sep_color_grey\" ><span class=\"vc_sep_holder vc_sep_holder_l\"><span  class=\"vc_sep_line\"><\/span><\/span><span class=\"vc_sep_holder vc_sep_holder_r\"><span  class=\"vc_sep_line\"><\/span><\/span>\n<\/div>\t\t\n\t<!-- OT Info Apps 2 -->\n    <div class=\"box-icon\">\n\t     \n\t    \t<span class=\"icon\" >\n\t        \t<i class=\"id-color fa fa-whatsapp\" ><\/i>\n\t        <\/span>\n\t       \n        <div class=\"text\">\n            <h3>24\/7 Support<\/h3>\n            <p>+902122322612<\/p>\n                    <\/div>        \n    <\/div>    \n\n<div class=\"vc_separator wpb_content_element vc_separator_align_center vc_sep_width_100 vc_sep_pos_align_center vc_separator_no_text vc_sep_color_grey\" ><span class=\"vc_sep_holder vc_sep_holder_l\"><span  class=\"vc_sep_line\"><\/span><\/span><span class=\"vc_sep_holder vc_sep_holder_r\"><span  class=\"vc_sep_line\"><\/span><\/span>\n<\/div>\t\t\n\t<!-- OT Info Apps 2 -->\n    <div class=\"box-icon\">\n\t     \n\t    \t<span class=\"icon\" >\n\t        \t<i class=\"id-color fa fa-envelope-o\" ><\/i>\n\t        <\/span>\n\t       \n        <div class=\"text\">\n            <h3>E-posta<\/h3>\n            <p>info@2bmimarlik.com.tr<\/p>\n            <a  class=\"strong id-color\" href=\"mailto:info@2bmimarlik.com.tr\" title=\"\" target=\"_self\"><\/a>        <\/div>        \n    <\/div>    \n\n<\/div><\/div><\/div><div class=\"wpb_column vc_column_container vc_col-sm-6\"><div class=\"vc_column-inner\"><div class=\"wpb_wrapper\"  >   \t\n   \t<!-- Element: OT Google Map --> \t \n    <div id=\"gmap-69d24e82b3f68\" style=\"height: 500px;\"><\/div>\n\t\t\n\t<script type=\"text\/javascript\">\t\n\t\t(function($) { \"use strict\"\n\t\t    $(document).ready(function(){\n\t\t     \n\t\t        var locations = [\n\t\t\t\t\t['<div class=\"infobox\"><span><span><\/div>', 41.052002, 28.995063, 2]\n\t\t        ];\n\t\t\t\n\t\t\t\tvar map = new google.maps.Map(document.getElementById('gmap-69d24e82b3f68'), {\n\t\t\t\t  \tzoom: 15,\n\t\t\t\t\tscrollwheel: false,\n\t\t\t\t\tnavigationControl: true,\n\t\t\t\t\tmapTypeControl: false,\n\t\t\t\t\tscaleControl: false,\n\t\t\t\t\tdraggable: true,\t\t\t\n\t\t\t\t\tstyles: \n\t\t\t\t\t\t[{\"stylers\":[{\"hue\":\"#ff1a00\"},{\"invert_lightness\":true},{\"saturation\":-100},{\"lightness\":33},{\"gamma\":0.5}]},{\"featureType\":\"water\",\"elementType\":\"geometry\",\"stylers\":[{\"color\":\"#2D333C\"}]}],\n\t\t\t\t\tcenter: new google.maps.LatLng(41.052002, 28.995063),\n\t\t\t\t  mapTypeId: google.maps.MapTypeId.ROADMAP\n\t\t\t\t});\n\t\t\t\n\t\t\t\tvar infowindow = new google.maps.InfoWindow();\n\t\t\t\n\t\t\t\tvar marker, i;\n\t\t\t\n\t\t\t\tfor (i = 0; i < locations.length; i++) {  \n\t\t\t\t\tmarker = new google.maps.Marker({ \n\t\t\t\t\t\tposition: new google.maps.LatLng(locations[i][1], locations[i][2]), \n\t\t\t\t\t\tmap: map ,\n\t\t\t\t\t\ticon: 'https:\/\/2bmimarlik.com.tr\/wp-content\/uploads\/2015\/07\/map-marker.png',\n\t\t\t\t\t\ttitle: ''\n\t\t\t\t\t});\n\t\t\t\t  \tgoogle.maps.event.addListener(marker, (function(marker, i) {\n\t\t\t\t\t\treturn function() {\n\t\t\t\t\t\t\tinfowindow.setContent(locations[i][0]);\n\t\t\t\t\t\t\tinfowindow.open(map, marker);\n\t\t\t\t\t\t}\n\t\t\t\t  \t})(marker, i));\n\t\t\t\t}\n\t\t        \n\t\t    });\n\n\t\t})(jQuery);   \t\n\t<\/script>\n<\/div><\/div><\/div><\/div><\/div><\/section><section class=\"wpb_row vc_row-fluid vc_custom_1622474160742 no-padding\"><div class=\"row\"><div class=\"wpb_column vc_column_container vc_col-sm-2\"><div class=\"vc_column-inner\"><div class=\"wpb_wrapper\"  ><\/div><\/div><\/div><div class=\"wpb_column vc_column_container vc_col-sm-8\"><div class=\"vc_column-inner vc_custom_1622543758384\"><div class=\"wpb_wrapper\"  >\n\t<!-- Element: OT Heading --> \t \n\t<h3 class=\"ot_custom_heading\" style=\"\" >Contact Form<\/h3>\t\n<div class=\"vc_empty_space\"   style=\"height: 10px\"><span class=\"vc_empty_space_inner\"><\/span><\/div><div role=\"form\" class=\"wpcf7\" id=\"wpcf7-f283-o1\" lang=\"en-US\" dir=\"ltr\">\n<div class=\"screen-reader-response\"><p role=\"status\" aria-live=\"polite\" aria-atomic=\"true\"><\/p> <ul><\/ul><\/div>\n<form action=\"\/en\/wp-json\/wp\/v2\/pages\/256#wpcf7-f283-o1\" method=\"post\" class=\"wpcf7-form init\" novalidate=\"novalidate\" data-status=\"init\" data-trp-original-action=\"\/en\/wp-json\/wp\/v2\/pages\/256#wpcf7-f283-o1\">\n<div style=\"display: none;\">\n<input type=\"hidden\" name=\"_wpcf7\" value=\"283\" \/>\n<input type=\"hidden\" name=\"_wpcf7_version\" value=\"5.4.1\" \/>\n<input type=\"hidden\" name=\"_wpcf7_locale\" value=\"en_US\" \/>\n<input type=\"hidden\" name=\"_wpcf7_unit_tag\" value=\"wpcf7-f283-o1\" \/>\n<input type=\"hidden\" name=\"_wpcf7_container_post\" value=\"0\" \/>\n<input type=\"hidden\" name=\"_wpcf7_posted_data_hash\" value=\"\" \/>\n<\/div>\n<div class=\"row\">\n<div class=\"col-md-4\">\n<div><span class=\"wpcf7-form-control-wrap your-name\"><input type=\"text\" name=\"your-name\" value=\"\" size=\"40\" class=\"wpcf7-form-control wpcf7-text\" aria-invalid=\"false\" placeholder=\"Name surname\" \/><\/span> <\/div>\n<div><span class=\"wpcf7-form-control-wrap email-453\"><input type=\"email\" name=\"email-453\" value=\"\" size=\"40\" class=\"wpcf7-form-control wpcf7-text wpcf7-email wpcf7-validates-as-required wpcf7-validates-as-email\" aria-required=\"true\" aria-invalid=\"false\" placeholder=\"Email\" \/><\/span> <\/div>\n<div><span class=\"wpcf7-form-control-wrap tel-565\"><input type=\"tel\" name=\"tel-565\" value=\"\" size=\"40\" class=\"wpcf7-form-control wpcf7-text wpcf7-tel wpcf7-validates-as-tel\" aria-invalid=\"false\" placeholder=\"Telephone\" \/><\/span><\/div>\n<\/div>\n<div class=\"col-md-8\">\n<div><span class=\"wpcf7-form-control-wrap message\"><textarea name=\"message\" cols=\"40\" rows=\"10\" class=\"wpcf7-form-control wpcf7-textarea wpcf7-validates-as-required\" aria-required=\"true\" aria-invalid=\"false\" placeholder=\"Message\"><\/textarea><\/span><\/div>\n<\/div>\n<div class=\"col-md-12\">\n<p id=\"submit\"><input type=\"submit\" value=\"Send\" class=\"wpcf7-form-control wpcf7-submit btn btn-line\" \/><\/p>\n<\/div>\n<\/div>\n<div class=\"wpcf7-response-output\" aria-hidden=\"true\"><\/div><input type=\"hidden\" name=\"trp-form-language\" value=\"en\"\/><\/form><\/div><\/div><\/div><\/div><div class=\"wpb_column vc_column_container vc_col-sm-2\"><div class=\"vc_column-inner\"><div class=\"wpb_wrapper\"  ><\/div><\/div><\/div><\/div><\/section>","protected":false},"excerpt":{"rendered":"\u0130leti\u015fim Bize ula\u015f\u0131n Adres Fenerbah\u00e7e Mah. Ba\u011fdat Caddesi No:102\/4 , 34726 Kad\u0131k\u00f6y \/ \u0130stanbul Telefon +90 (212) 232 26 12 7\/24 Destek +902122322612 E-posta info@2bmimarlik.com.tr \u0130leti\u015fim Formu","protected":false},"author":1,"featured_media":0,"parent":0,"menu_order":0,"comment_status":"open","ping_status":"open","template":"page-templates\/template-canvas.php","meta":[],"_links":{"self":[{"href":"https:\/\/2bmimarlik.com.tr\/en\/wp-json\/wp\/v2\/pages\/256"}],"collection":[{"href":"https:\/\/2bmimarlik.com.tr\/en\/wp-json\/wp\/v2\/pages"}],"about":[{"href":"https:\/\/2bmimarlik.com.tr\/en\/wp-json\/wp\/v2\/types\/page"}],"author":[{"embeddable":true,"href":"https:\/\/2bmimarlik.com.tr\/en\/wp-json\/wp\/v2\/users\/1"}],"replies":[{"embeddable":true,"href":"https:\/\/2bmimarlik.com.tr\/en\/wp-json\/wp\/v2\/comments?post=256"}],"version-history":[{"count":47,"href":"https:\/\/2bmimarlik.com.tr\/en\/wp-json\/wp\/v2\/pages\/256\/revisions"}],"predecessor-version":[{"id":2399,"href":"https:\/\/2bmimarlik.com.tr\/en\/wp-json\/wp\/v2\/pages\/256\/revisions\/2399"}],"wp:attachment":[{"href":"https:\/\/2bmimarlik.com.tr\/en\/wp-json\/wp\/v2\/media?parent=256"}],"curies":[{"name":"wp","href":"https:\/\/api.w.org\/{rel}","templated":true}]}}