{"id":1502,"date":"2019-12-06T01:30:17","date_gmt":"2019-12-05T22:30:17","guid":{"rendered":"http:\/\/2bmimarlik.com.tr\/?page_id=1502"},"modified":"2021-06-14T14:33:29","modified_gmt":"2021-06-14T11:33:29","slug":"hakkimizda","status":"publish","type":"page","link":"https:\/\/2bmimarlik.com.tr\/en\/hakkimizda\/","title":{"rendered":"About us"},"content":{"rendered":"<section class=\"wpb_row vc_row-fluid vc_custom_1495530476030\"><div class=\"container\"><div class=\"row\"><div class=\"wpb_column vc_column_container vc_col-sm-12\"><div class=\"vc_column-inner\"><div class=\"wpb_wrapper wow fadeInUp\"  ><div class=\"vc_empty_space\"   style=\"height: 50px\"><span class=\"vc_empty_space_inner\"><\/span><\/div>\n\t<!-- Element: OT Heading --> \t \n\t<h1 class=\"ot_custom_heading\" style=\"text-align: center;\" >About us<\/h1>\t\n\t<!-- Element: OT Line solid --> \t \n\t<div class=\"separator\"><span><i class=\"fa fa-circle\"><\/i><\/span><\/div>\n\t<div class=\"spacer-single\"><\/div>\t      \n<div class=\"vc_row wpb_row vc_inner vc_row-fluid\"><div class=\"wpb_column vc_column_container vc_col-sm-2\"><div class=\"vc_column-inner\"><div class=\"wpb_wrapper\"  ><\/div><\/div><\/div><div class=\"wpb_column vc_column_container vc_col-sm-8\"><div class=\"vc_column-inner\"><div class=\"wpb_wrapper\"  >\n\t<div class=\"wpb_text_column wpb_content_element\" >\n\t\t<div class=\"wpb_wrapper\">\n\t\t\t<p style=\"text-align: center;\">By combining experience and dynamism, 2B Architecture has participated in Fairs, Congresses, Launches, etc. It was established to serve in all organizations.<\/p>\n<p style=\"text-align: center;\">We respond to your needs comprehensively with teammates and reliable solution partners, each of whom adopts the principle of &quot;listen first, then produce solutions&quot;.<\/p>\n<p style=\"text-align: center;\">We offer a wide range of services with fair stand designs, interior design solutions, organization infrastructure services and extra material rental, as well as white screen and television advertisements, 3D animation applications and product \/ event photo shoots.<\/p>\n\n\t\t<\/div>\n\t<\/div>\n<\/div><\/div><\/div><div class=\"wpb_column vc_column_container vc_col-sm-2\"><div class=\"vc_column-inner\"><div class=\"wpb_wrapper\"  ><\/div><\/div><\/div><\/div><\/div><\/div><\/div><\/div><\/div><\/section><section class=\"wpb_row vc_row-fluid vc_custom_1623670408113 vc_row-has-fill\"><div class=\"container\"><div class=\"row\"><div class=\"wpb_column vc_column_container vc_col-sm-12\"><div class=\"vc_column-inner\"><div class=\"wpb_wrapper wow fadeInUp\"  >\n\t<!-- Element: OT Heading --> \t \n\t<h1 class=\"ot_custom_heading\" style=\"text-align: center;color: #1e1e1e;\" >How do we do it?<\/h1>\t\n\t<!-- Element: OT Line solid --> \t \n\t<div class=\"separator\"><span><i class=\"fa fa-circle\"><\/i><\/span><\/div>\n\t<div class=\"spacer-single\"><\/div>\t      \n<\/div><\/div><\/div><div class=\"wpb_column vc_column_container vc_col-sm-6\"><div class=\"vc_column-inner\"><div class=\"wpb_wrapper\"  >\t\t\t\n\t<!-- Element: OT why choose us -->\n\t<div class=\"box-number\">\n        <span class=\"number bg-color wow rotateIn\" data-wow-delay=\".5s\"> 1<\/span>\n        <div class=\"text\">\n            <h3>\n\t              \n\t\t\t\t\t<span class=\"id-color\">Design<\/span>\n\t\t\t\t \n\t\t\t<\/h3>\n            <p>Our professional teammates prepare your design work according to your needs in line with your demands and wishes.<\/p>\n        <\/div>\n    <\/div>\n    \n<\/div><\/div><\/div><div class=\"wpb_column vc_column_container vc_col-sm-6\"><div class=\"vc_column-inner\"><div class=\"wpb_wrapper\"  >\t\t\t\n\t<!-- Element: OT why choose us -->\n\t<div class=\"box-number\">\n        <span class=\"number bg-color wow rotateIn\" data-wow-delay=\".75s\"> 2<\/span>\n        <div class=\"text\">\n            <h3>\n\t              \n\t\t\t\t\t<span class=\"id-color\">Production<\/span>\n\t\t\t\t \n\t\t\t<\/h3>\n            <p>We meticulously carry out all the production and purchases of your approved project. With the right planning and production line, we prevent potential problems that may arise in the fair area.<\/p>\n        <\/div>\n    <\/div>\n    \n<\/div><\/div><\/div><div class=\"wpb_column vc_column_container vc_col-sm-12\"><div class=\"vc_column-inner\"><div class=\"wpb_wrapper\"  ><div class=\"vc_empty_space\"   style=\"height: 30px\"><span class=\"vc_empty_space_inner\"><\/span><\/div><\/div><\/div><\/div><div class=\"wpb_column vc_column_container vc_col-sm-6\"><div class=\"vc_column-inner\"><div class=\"wpb_wrapper\"  >\t\t\t\n\t<!-- Element: OT why choose us -->\n\t<div class=\"box-number\">\n        <span class=\"number bg-color wow rotateIn\" data-wow-delay=\"1s\"> 3<\/span>\n        <div class=\"text\">\n            <h3>\n\t              \n\t\t\t\t\t<span class=\"id-color\">Application<\/span>\n\t\t\t\t \n\t\t\t<\/h3>\n            <p>It carries all of the prepared materials to the area; Together with our professional team, we carry out the installation of ground, digital printing, building installation, electricity-water-air connections and deliver them to you. At the end of the event, we complete the dismantling and area cleaning operations at the appropriate time interval.<\/p>\n        <\/div>\n    <\/div>\n    \n<\/div><\/div><\/div><div class=\"wpb_column vc_column_container vc_col-sm-6\"><div class=\"vc_column-inner\"><div class=\"wpb_wrapper\"  >\t\t\t\n\t<!-- Element: OT why choose us -->\n\t<div class=\"box-number\">\n        <span class=\"number bg-color wow rotateIn\" data-wow-delay=\"1.25s\"> 4<\/span>\n        <div class=\"text\">\n            <h3>\n\t              \n\t\t\t\t\t<span class=\"id-color\">Support<\/span>\n\t\t\t\t \n\t\t\t<\/h3>\n            <p>We know the importance of your project for you and we offer 24\/7 support through our communication channels. We make it easy for you to reach us via the Customer Portal, e-mail, WhatsApp and phone for all your questions, comments and suggestions.<\/p>\n        <\/div>\n    <\/div>\n    \n<\/div><\/div><\/div><\/div><\/div><\/section>","protected":false},"excerpt":{"rendered":"Hakk\u0131m\u0131zda 2B Mimarl\u0131k, tecr\u00fcbeyi ve dinamizmi bir araya getirerek yurt i\u00e7inde ve yurt d\u0131\u015f\u0131nda m\u00fc\u015fterilerinin kat\u0131l\u0131m sa\u011flad\u0131\u011f\u0131 Fuar, Kongre, Lansman vb. t\u00fcm organizasyonlarda hizmet vermek amac\u0131yla kurulmu\u015ftur. ''\u00d6nce dinle sonra \u00e7\u00f6z\u00fcm \u00fcret'' ilkesini benimseyen her biri alan\u0131nda uzman ekip arkada\u015flar\u0131 ve g\u00fcvenilir \u00e7\u00f6z\u00fcm ortaklar\u0131 ile ihtiya\u00e7lar\u0131n\u0131za kapsaml\u0131 bir \u015fekilde cevap veriyoruz. Fuar stant tasar\u0131mlar\u0131, i\u00e7 [...]","protected":false},"author":1,"featured_media":0,"parent":0,"menu_order":0,"comment_status":"closed","ping_status":"closed","template":"page-templates\/template-canvas.php","meta":[],"_links":{"self":[{"href":"https:\/\/2bmimarlik.com.tr\/en\/wp-json\/wp\/v2\/pages\/1502"}],"collection":[{"href":"https:\/\/2bmimarlik.com.tr\/en\/wp-json\/wp\/v2\/pages"}],"about":[{"href":"https:\/\/2bmimarlik.com.tr\/en\/wp-json\/wp\/v2\/types\/page"}],"author":[{"embeddable":true,"href":"https:\/\/2bmimarlik.com.tr\/en\/wp-json\/wp\/v2\/users\/1"}],"replies":[{"embeddable":true,"href":"https:\/\/2bmimarlik.com.tr\/en\/wp-json\/wp\/v2\/comments?post=1502"}],"version-history":[{"count":34,"href":"https:\/\/2bmimarlik.com.tr\/en\/wp-json\/wp\/v2\/pages\/1502\/revisions"}],"predecessor-version":[{"id":2371,"href":"https:\/\/2bmimarlik.com.tr\/en\/wp-json\/wp\/v2\/pages\/1502\/revisions\/2371"}],"wp:attachment":[{"href":"https:\/\/2bmimarlik.com.tr\/en\/wp-json\/wp\/v2\/media?parent=1502"}],"curies":[{"name":"wp","href":"https:\/\/api.w.org\/{rel}","templated":true}]}}